{"id":1708,"date":"2026-03-31T18:26:30","date_gmt":"2026-03-31T16:26:30","guid":{"rendered":"https:\/\/nash.rskcom.net\/nash-airport-choco-pass\/"},"modified":"2026-04-07T17:34:16","modified_gmt":"2026-04-07T15:34:16","slug":"nash-airport-choco-pass","status":"publish","type":"page","link":"https:\/\/nash.rskcom.net\/de\/nash-airport-choco-pass\/","title":{"rendered":"Nash Airport &#8211; Choco Pass"},"content":{"rendered":"\n<h1 class=\"wp-block-heading has-text-align-center has-text-color has-link-color wp-elements-59bbc735b55587141e56127678a0a958\" style=\"color:#146853;padding-right:var(--wp--preset--spacing--small);padding-left:var(--wp--preset--spacing--small);font-size:40px\"><strong><strong><strong><strong><strong><strong><strong><strong><strong>Choco Pass<\/strong><\/strong><\/strong><\/strong><\/strong><\/strong><\/strong><\/strong><\/strong><\/h1>\n\n<p class=\"has-text-align-center\"><strong>Besuchen Sie Genf in Ihrem eigenen Tempo und entdecken Sie die renommiertesten Genfer Chocolatiers, um die k\u00f6stlichsten Spezialit\u00e4ten zu probieren.<\/strong><\/p>\n\n<p class=\"has-text-align-center\">Der Choco Pass ist eine wunderbare M\u00f6glichkeit, die Stadt zu erkunden und dabei die einzigartige Handwerkskunst der lokalen Chocolatiers zu entdecken.<\/p>\n\n<p class=\"has-text-align-center\">Ihr Choco Pass wird aktiviert, sobald Sie die erste Chocolaterie besuchen, und berechtigt Sie zu einem Degustationsteller bei maximal 5 Chocolatiers f\u00fcr den Choco Pass Discovery und bei allen Chocolatiers f\u00fcr den Choco Pass Unlimited. Der Teller variiert je nach der von Ihnen besuchten Chocolaterie. F\u00fcr Kinder mit einem Choco Pass Kids wird der Teller mit einer speziellen \u00dcberraschung f\u00fcr die Kleinen angepasst!<\/p>\n\n<div style=\"height:30px\" aria-hidden=\"true\" class=\"wp-block-spacer\"><\/div>\n\n<!-- START: Skript f\u00fcr Ihre Webseite   -->\n    <script>\n      window.TWEBSHOP = {\n        config: 'GVATshopOnline_tds',\n        language: 'fr',\n        role: 'TDS00020016135339382',\n        theme: {\n          sticky: {\n            offset: 80,\n            zIndex: 1\n          }\n        }\n      }\n    <\/script>\n    <style>\n        #twebshop {\n            --tw-button-color: #146853;\n            --tw-button-text-color: #FFF;\n            --tw-button-price-color: #146853;\n            --tw-button-price-text-color: #FFF;\n            --tw-box-color: #8f7b50;\n            --tw-box-text-color: #8f7b50;\n            --tw-booking-color: #FFF;\n            --tw-booking-text-color: #146853;\n        }<\/style>\n                                                                                                        <tws-experience-widget data-id=\"TDS00020015864862438\"><\/tws-experience-widget>\n                                    <script src=\"https:\/\/twebshop.tomas-travel.com\/app\/twebshop\/widget\/app.js\"><\/script>\n        <!-- ENDE: Skript f\u00fcr Ihre Webseite   -->\n","protected":false},"excerpt":{"rendered":"<p>Choco Pass Besuchen Sie Genf in Ihrem eigenen Tempo und entdecken Sie die renommiertesten Genfer Chocolatiers, um die k\u00f6stlichsten Spezialit\u00e4ten zu probieren. Der Choco Pass [&hellip;]<\/p>\n","protected":false},"author":1,"featured_media":0,"parent":0,"menu_order":0,"comment_status":"closed","ping_status":"closed","template":"modele-airport","meta":{"inline_featured_image":false,"footnotes":""},"class_list":["post-1708","page","type-page","status-publish","hentry"],"_links":{"self":[{"href":"https:\/\/nash.rskcom.net\/de\/wp-json\/wp\/v2\/pages\/1708","targetHints":{"allow":["GET"]}}],"collection":[{"href":"https:\/\/nash.rskcom.net\/de\/wp-json\/wp\/v2\/pages"}],"about":[{"href":"https:\/\/nash.rskcom.net\/de\/wp-json\/wp\/v2\/types\/page"}],"author":[{"embeddable":true,"href":"https:\/\/nash.rskcom.net\/de\/wp-json\/wp\/v2\/users\/1"}],"replies":[{"embeddable":true,"href":"https:\/\/nash.rskcom.net\/de\/wp-json\/wp\/v2\/comments?post=1708"}],"version-history":[{"count":1,"href":"https:\/\/nash.rskcom.net\/de\/wp-json\/wp\/v2\/pages\/1708\/revisions"}],"predecessor-version":[{"id":1709,"href":"https:\/\/nash.rskcom.net\/de\/wp-json\/wp\/v2\/pages\/1708\/revisions\/1709"}],"wp:attachment":[{"href":"https:\/\/nash.rskcom.net\/de\/wp-json\/wp\/v2\/media?parent=1708"}],"curies":[{"name":"wp","href":"https:\/\/api.w.org\/{rel}","templated":true}]}}