{"id":1710,"date":"2026-03-31T18:21:13","date_gmt":"2026-03-31T16:21:13","guid":{"rendered":"https:\/\/nash.rskcom.net\/nash-airport-city-pass\/"},"modified":"2026-04-07T17:34:44","modified_gmt":"2026-04-07T15:34:44","slug":"nash-airport-city-pass","status":"publish","type":"page","link":"https:\/\/nash.rskcom.net\/de\/nash-airport-city-pass\/","title":{"rendered":"Nash Airport \u2013 City Pass"},"content":{"rendered":"\n<h1 class=\"wp-block-heading has-text-align-center has-text-color has-link-color wp-elements-56fad69419bbac3debf13f0e3463c5c4\" style=\"color:#146853;padding-right:var(--wp--preset--spacing--small);padding-left:var(--wp--preset--spacing--small);font-size:40px\"><strong><strong><strong><strong><strong><strong><strong><strong><strong>City Pass<\/strong><\/strong><\/strong><\/strong><\/strong><\/strong><\/strong><\/strong><\/strong><\/h1>\n\n<p class=\"has-text-align-center\"><em>Ein City Pass ist eine Karte, die Ihnen kostenlosen oder stark verg\u00fcnstigten Zugang zu den Aktivit\u00e4ten eines Reiseziels erm\u00f6glicht. In Genf stehen Ihnen f\u00fcr 24, 48 oder 72 Stunden Museen, Seekreuzfahrten, gef\u00fchrte Touren, Rafting und vieles mehr offen \u2026 profitieren Sie von 60 kostenlosen oder erm\u00e4\u00dfigten Aktivit\u00e4ten f\u00fcr Gro\u00df und Klein!<\/em><\/p>\n\n<div style=\"height:30px\" aria-hidden=\"true\" class=\"wp-block-spacer\"><\/div>\n\n<!-- START: Skript f\u00fcr Ihre Webseite   -->\n    <script>\n      window.TWEBSHOP = {\n        config: 'GVATshopOnline_tds',\n        language: 'fr',\n        role: 'TDS00020016135339382',\n        theme: {\n          sticky: {\n            offset: 80,\n            zIndex: 1\n          }\n        }\n      }\n    <\/script>\n    <style>\n        #twebshop {\n             --tw-button-color: #146853;\n            --tw-button-text-color: #FFF;\n            --tw-button-price-color: #146853;\n            --tw-button-price-text-color: #FFF;\n            --tw-box-color: #8f7b50;\n            --tw-box-text-color: #8f7b50;\n            --tw-booking-color: #FFF;\n            --tw-booking-text-color: #146853;\n        }<\/style>\n                                                                                                        <tws-experience-widget data-id=\"TDS00020014777341686\"><\/tws-experience-widget>\n                                    <script src=\"https:\/\/twebshop.tomas-travel.com\/app\/twebshop\/widget\/app.js\"><\/script>\n        <!-- ENDE: Skript f\u00fcr Ihre Webseite   -->\n\n<p><\/p>\n","protected":false},"excerpt":{"rendered":"<p>City Pass Ein City Pass ist eine Karte, die Ihnen kostenlosen oder stark verg\u00fcnstigten Zugang zu den Aktivit\u00e4ten eines Reiseziels erm\u00f6glicht. In Genf stehen Ihnen [&hellip;]<\/p>\n","protected":false},"author":1,"featured_media":0,"parent":0,"menu_order":0,"comment_status":"closed","ping_status":"closed","template":"modele-airport","meta":{"inline_featured_image":false,"footnotes":""},"class_list":["post-1710","page","type-page","status-publish","hentry"],"_links":{"self":[{"href":"https:\/\/nash.rskcom.net\/de\/wp-json\/wp\/v2\/pages\/1710","targetHints":{"allow":["GET"]}}],"collection":[{"href":"https:\/\/nash.rskcom.net\/de\/wp-json\/wp\/v2\/pages"}],"about":[{"href":"https:\/\/nash.rskcom.net\/de\/wp-json\/wp\/v2\/types\/page"}],"author":[{"embeddable":true,"href":"https:\/\/nash.rskcom.net\/de\/wp-json\/wp\/v2\/users\/1"}],"replies":[{"embeddable":true,"href":"https:\/\/nash.rskcom.net\/de\/wp-json\/wp\/v2\/comments?post=1710"}],"version-history":[{"count":1,"href":"https:\/\/nash.rskcom.net\/de\/wp-json\/wp\/v2\/pages\/1710\/revisions"}],"predecessor-version":[{"id":1711,"href":"https:\/\/nash.rskcom.net\/de\/wp-json\/wp\/v2\/pages\/1710\/revisions\/1711"}],"wp:attachment":[{"href":"https:\/\/nash.rskcom.net\/de\/wp-json\/wp\/v2\/media?parent=1710"}],"curies":[{"name":"wp","href":"https:\/\/api.w.org\/{rel}","templated":true}]}}