{"id":1712,"date":"2026-01-30T03:49:20","date_gmt":"2026-01-30T02:49:20","guid":{"rendered":"https:\/\/nash.rskcom.net\/nash-airport-sicherheitshinweise\/"},"modified":"2026-04-07T17:38:00","modified_gmt":"2026-04-07T15:38:00","slug":"nash-airport-sicherheitshinweise","status":"publish","type":"page","link":"https:\/\/nash.rskcom.net\/de\/nash-airport-sicherheitshinweise\/","title":{"rendered":"Nash Airport \u2013 Sicherheitshinweise"},"content":{"rendered":"\n<h1 class=\"wp-block-heading has-text-align-center has-text-color has-link-color wp-elements-11f4042aeb83e2dcb448a4e95fa6d6e5\" style=\"color:#146853;padding-right:var(--wp--preset--spacing--small);padding-left:var(--wp--preset--spacing--small);font-size:24px\"><strong><strong><strong><strong>SICHERHEITSHINWEISE<\/strong><\/strong><\/strong><\/strong><\/h1>\n\n<p class=\"has-text-align-left\">Zu Ihrer Sicherheit sind alle Zimmer sowie die \u00f6ffentlichen Bereiche mit einem Brandmeldesystem ausgestattet. Dennoch m\u00f6chten wir Sie auf die folgenden Empfehlungen aufmerksam machen.<\/p>\n\n<h2 class=\"wp-block-heading has-text-align-left has-text-color has-link-color wp-elements-e4582ac85ea21c8b78990f6e7e9a04f6\" style=\"color:#146853;padding-right:var(--wp--preset--spacing--small);padding-left:var(--wp--preset--spacing--small);font-size:24px\"><strong><strong><strong><strong><strong>Die Notausg\u00e4nge: <\/strong><\/strong><\/strong><\/strong><\/strong><\/h2>\n\n<p class=\"has-text-align-left\">Der Evakuierungsplan befindet sich auf der R\u00fcckseite der Eingangst\u00fcr Ihres Zimmers.<\/p>\n\n<p>Die Notausg\u00e4nge auf Ihrer Etage sind deutlich gekennzeichnet, und der Fluchtweg wird durch Schilder ausgewiesen, die auf die zu benutzenden Treppen hinweisen.<\/p>\n\n<p>Sollte sich jedoch dichter Rauch entwickeln, haben Sie unter Umst\u00e4nden Schwierigkeiten, diese zu erkennen. Achten Sie daher bereits bei Ihrer Ankunft darauf, diese ausfindig zu machen. \u00dcberpr\u00fcfen Sie ebenfalls, wo sich die Feuerl\u00f6scher befinden. <\/p>\n\n<p class=\"has-text-align-left\">Bleiben Sie im Brandfall so nah wie m\u00f6glich am Boden und BENUTZEN SIE DIE AUFZ\u00dcGE NICHT!<\/p>\n\n<h2 class=\"wp-block-heading has-text-align-left has-text-color has-link-color wp-elements-fa6bea3e83cea4184fd3fbc9e6712c01\" style=\"color:#146853;padding-right:var(--wp--preset--spacing--small);padding-left:var(--wp--preset--spacing--small);font-size:24px\"><strong><strong><strong><strong><strong><strong>Wenn Sie einen Brand entdecken:<\/strong><\/strong><\/strong><\/strong><\/strong><\/strong><\/h2>\n\n<p class=\"has-text-align-left\">&#8211; Wenn der Brand geringf\u00fcgig ist, k\u00f6nnen Sie ihn neutralisieren und die Rezeption \u00fcber Ihr Handeln informieren.<\/p>\n\n<p>&#8211; ANDERNFALLS bet\u00e4tigen Sie den n\u00e4chstgelegenen Druckknopfmelder.<\/p>\n\n<p>&#8211; Benachrichtigen Sie die Rezeption.<\/p>\n\n<p class=\"has-text-align-left\">&#8211; Verlassen Sie das Geb\u00e4ude und nehmen Sie, wenn m\u00f6glich, Ihren Zimmerschl\u00fcssel mit. <br\/>&#8211; Falls es Ihnen unm\u00f6glich ist, Ihr Zimmer zu verlassen, schlie\u00dfen Sie die Zimmert\u00fcr, um sich vor dem Feuer zu sch\u00fctzen.<\/p>\n\n<h2 class=\"wp-block-heading has-text-align-left has-text-color has-link-color wp-elements-c4376335bd29da180ff837f94bb64f44\" style=\"color:#146853;padding-right:var(--wp--preset--spacing--small);padding-left:var(--wp--preset--spacing--small);font-size:24px\"><strong><strong><strong><strong><strong><strong><strong>Wenn in Ihrem Zimmer ein Brand ausbricht:<\/strong><\/strong><\/strong><\/strong><\/strong><\/strong><\/strong><\/h2>\n\n<p class=\"has-text-align-left\">&#8211; Verlassen Sie Ihr Zimmer sofort und nehmen Sie Ihren Schl\u00fcssel mit.<\/p>\n\n<p>&#8211; Achten Sie darauf, alle T\u00fcren und Fenster hinter sich zu schlie\u00dfen.<\/p>\n\n<p>&#8211; Bet\u00e4tigen Sie den n\u00e4chstgelegenen Druckknopfmelder.<\/p>\n\n<p>&#8211; Rufen Sie die Rezeption an.<\/p>\n\n<p>&#8211; Warnen Sie Ihre Zimmernachbarn.<\/p>\n\n<p class=\"has-text-align-left\">&#8211; Begeben Sie sich zum Notausgang.<\/p>\n\n<h2 class=\"wp-block-heading has-text-align-center has-text-color has-link-color wp-elements-39530661860986023a440a5acba7b20c\" style=\"color:#146853;padding-right:var(--wp--preset--spacing--small);padding-left:var(--wp--preset--spacing--small);font-size:24px\"><strong><strong><strong><strong><strong><strong><strong><strong>BENUTZEN SIE DIE AUFZ\u00dcGE NICHT!<\/strong><\/strong><\/strong><\/strong><\/strong><\/strong><\/strong><\/strong><\/h2>\n\n<h2 class=\"wp-block-heading has-text-align-left has-text-color has-link-color wp-elements-f49dd010e5b5d81d6d78f83539760710\" style=\"color:#146853;padding-right:var(--wp--preset--spacing--small);padding-left:var(--wp--preset--spacing--small);font-size:24px\"><strong><strong><strong><strong><strong><strong><strong><strong><strong>Wenn Sie Ihr Zimmer evakuieren m\u00fcssen:<\/strong><\/strong><\/strong><\/strong><\/strong><\/strong><\/strong><\/strong><\/strong><\/h2>\n\n<p class=\"has-text-align-left\">&#8211; Verlassen Sie den Ort sofort, wenn die Brandsirene ert\u00f6nt. <\/p>\n\n<p>&#8211; Nehmen Sie Ihren Zimmerschl\u00fcssel und bewegen Sie sich vorsichtig.<\/p>\n\n<p>&#8211; Tasten Sie die T\u00fcr und den Griff mit dem Handr\u00fccken ab. Wenn sich die T\u00fcr oder der Griff ungew\u00f6hnlich hei\u00df anf\u00fchlen, \u00f6ffnen Sie diese nicht. Wenn die T\u00fcr nicht hei\u00df ist, \u00f6ffnen Sie sie vorsichtig, seien Sie aber bereit, sie bei Bedarf (z. B. bei dichtem Rauch) sofort wieder zu schlie\u00dfen.<\/p>\n\n<p>&#8211; Wenn sich Rauch in den Fluren befindet, begeben Sie sich so nah wie m\u00f6glich zum Boden. Gehen Sie bei Bedarf auf allen vieren. Begeben Sie sich sofort zum n\u00e4chstgelegenen Notausgang.<\/p>\n\n<p>&#8211; Benutzen Sie nicht den Aufzug.<\/p>\n\n<p class=\"has-text-align-left\">&#8211; Wenn der Notausgang blockiert ist, kehren Sie in Ihr Zimmer zur\u00fcck. Die Evakuierung erfolgt dann von au\u00dfen mit Hilfe der Feuerwehr.<\/p>\n\n<h2 class=\"wp-block-heading has-text-align-left has-text-color has-link-color wp-elements-3d741afee5d58591b38abc2b6c630406\" style=\"color:#146853;padding-right:var(--wp--preset--spacing--small);padding-left:var(--wp--preset--spacing--small);font-size:24px\"><strong><strong><strong><strong><strong><strong><strong><strong><strong><strong>Wenn Sie in Ihrem Zimmer bleiben m\u00fcssen:<\/strong><\/strong><\/strong><\/strong><\/strong><\/strong><\/strong><\/strong><\/strong><\/strong><\/h2>\n\n<p class=\"has-text-align-left\">Keine Panik! Ihr Zimmer ist der sicherste Ort, um sich vor dem Feuer zu sch\u00fctzen. Hier sind einige Hinweise, was Sie tun sollten, w\u00e4hrend Sie auf Hilfe warten. <\/p>\n\n<p>&#8211; Schalten Sie die Klimaanlage und die Heizung aus.<\/p>\n\n<p>&#8211; F\u00fcllen Sie Ihr Waschbecken mit Wasser (als Wasservorrat zu verwenden).<\/p>\n\n<p>&#8211; Melden Sie Ihre Anwesenheit und Zimmernummer an der Rezeption. <\/p>\n\n<p>&#8211; Dichten Sie den unteren Rand Ihrer T\u00fcr und die L\u00fcftungs\u00f6ffnungen mit Laken, Handt\u00fcchern oder nassen T\u00fcchern ab. Sie k\u00f6nnen den M\u00fclleimer verwenden, um Wasser umzuf\u00fcllen, falls Rauch in Ihr Zimmer dringt.<\/p>\n\n<p>&#8211; \u00d6ffnen Sie die Vorh\u00e4nge vor dem Fenster.<br\/>&#8211; Falls weiterhin Rauch in Ihr Zimmer dringt, bedecken Sie Ihren Kopf zum Schutz mit einem feuchten Handtuch.<br\/>&#8211; \u00d6ffnen Sie das Fenster nicht, wenn Rauch oder Flammen von au\u00dfen aus einem unteren Stockwerk kommen. <\/p>\n\n<p class=\"has-text-align-left\">&#8211; Als letztes Mittel, wenn der Rauch anh\u00e4lt und das Atmen unm\u00f6glich macht, k\u00f6nnen Sie das Fenster einen Spalt weit \u00f6ffnen. Wenn das Fenster blockiert ist, schlagen Sie die Scheibe mit einem Stuhl oder einer Schublade ein. <\/p>\n\n<div style=\"height:24px\" aria-hidden=\"true\" class=\"wp-block-spacer\"><\/div>\n","protected":false},"excerpt":{"rendered":"<p>SICHERHEITSHINWEISE Zu Ihrer Sicherheit sind alle Zimmer sowie die \u00f6ffentlichen Bereiche mit einem Brandmeldesystem ausgestattet. Dennoch m\u00f6chten wir Sie auf die folgenden Empfehlungen aufmerksam machen. [&hellip;]<\/p>\n","protected":false},"author":1,"featured_media":0,"parent":0,"menu_order":0,"comment_status":"closed","ping_status":"closed","template":"modele-airport","meta":{"inline_featured_image":false,"footnotes":""},"class_list":["post-1712","page","type-page","status-publish","hentry"],"_links":{"self":[{"href":"https:\/\/nash.rskcom.net\/de\/wp-json\/wp\/v2\/pages\/1712","targetHints":{"allow":["GET"]}}],"collection":[{"href":"https:\/\/nash.rskcom.net\/de\/wp-json\/wp\/v2\/pages"}],"about":[{"href":"https:\/\/nash.rskcom.net\/de\/wp-json\/wp\/v2\/types\/page"}],"author":[{"embeddable":true,"href":"https:\/\/nash.rskcom.net\/de\/wp-json\/wp\/v2\/users\/1"}],"replies":[{"embeddable":true,"href":"https:\/\/nash.rskcom.net\/de\/wp-json\/wp\/v2\/comments?post=1712"}],"version-history":[{"count":3,"href":"https:\/\/nash.rskcom.net\/de\/wp-json\/wp\/v2\/pages\/1712\/revisions"}],"predecessor-version":[{"id":1715,"href":"https:\/\/nash.rskcom.net\/de\/wp-json\/wp\/v2\/pages\/1712\/revisions\/1715"}],"wp:attachment":[{"href":"https:\/\/nash.rskcom.net\/de\/wp-json\/wp\/v2\/media?parent=1712"}],"curies":[{"name":"wp","href":"https:\/\/api.w.org\/{rel}","templated":true}]}}