{"id":1716,"date":"2026-01-30T03:31:13","date_gmt":"2026-01-30T02:31:13","guid":{"rendered":"https:\/\/nash.rskcom.net\/nash-airport-zimmerausstattung\/"},"modified":"2026-04-07T17:38:00","modified_gmt":"2026-04-07T15:38:00","slug":"nash-airport-zimmerausstattung","status":"publish","type":"page","link":"https:\/\/nash.rskcom.net\/de\/nash-airport-zimmerausstattung\/","title":{"rendered":"Nash Airport \u2013 Zimmerausstattung"},"content":{"rendered":"\n<h1 class=\"wp-block-heading has-text-align-center has-text-color has-link-color wp-elements-402d55e20b4c85b6f36f1aac026783e6\" style=\"color:#146853;padding-right:var(--wp--preset--spacing--small);padding-left:var(--wp--preset--spacing--small);font-size:24px\"><strong>Um Ihnen w\u00e4hrend Ihres Aufenthalts in unserem Haus Zufriedenheit und Komfort zu bieten, finden Sie nachfolgend alle Ausstattungen der Zimmer.<\/strong><\/h1>\n\n<p class=\"has-text-align-center ntexte has-text-color has-link-color wp-elements-8157b2a60300e2f814e6b5588252214e\" style=\"color:#535353;padding-right:var(--wp--preset--spacing--small);padding-left:var(--wp--preset--spacing--small);font-size:14px\"><strong>Um die Rezeption bei Fragen zu kontaktieren, w\u00e4hlen Sie bitte die 2002 \u00fcber das im Zimmer bereitgestellte Telefon oder \u00fcber den Chat. <\/strong>(Crisp-Chat-Logo zur Kennzeichnung hinzuf\u00fcgen).<\/p>\n\n<h2 class=\"wp-block-heading has-text-align-left has-text-color has-link-color wp-elements-ddd287199a672bac4bf91fb8dc316949\" style=\"color:#146853;padding-right:var(--wp--preset--spacing--small);padding-left:var(--wp--preset--spacing--small);font-size:24px\"><strong>Minibar und Willkommens-Tablett:<\/strong><\/h2>\n\n<p class=\"has-text-align-left\">Alle unsere Zimmer verf\u00fcgen \u00fcber eine Minibar mit kostenlosen Getr\u00e4nken (stilles Wasser, Mineralwasser) sowie Tee, Kaffee und einen Wasserkocher.<\/p>\n\n<h2 class=\"wp-block-heading has-text-align-left has-text-color has-link-color wp-elements-a6b5a98f4c0d1b92bf23d14d726c7782\" style=\"color:#146853;padding-right:var(--wp--preset--spacing--small);padding-left:var(--wp--preset--spacing--small);font-size:24px\"><strong><strong><strong><strong>WLAN: <\/strong><\/strong><\/strong><\/strong><\/h2>\n\n<p class=\"has-text-align-left\">Der Internetzugang ist im gesamten Hotel im Netzwerk \u201eFREE NASH AIRPORT\u201c kostenlos. Sie m\u00fcssen lediglich Ihre Zimmernummer und Ihren Nachnamen eingeben. Im WLAN-Tab finden Sie bei Bedarf die Anweisungen zur Verbindung.<\/p>\n\n<h2 class=\"wp-block-heading has-text-align-left has-text-color has-link-color wp-elements-b651b763be369249e1eccd930096ed1d\" style=\"color:#146853;padding-right:var(--wp--preset--spacing--small);padding-left:var(--wp--preset--spacing--small);font-size:24px\"><strong><strong><strong><strong><strong>TV: <\/strong><\/strong><\/strong><\/strong><\/strong><\/h2>\n\n<p class=\"has-text-align-left\">Alle unsere Zimmer sind mit einem Fernseher ausgestattet (Liste der Sender einf\u00fcgen?).<\/p>\n\n<h2 class=\"wp-block-heading has-text-align-left has-text-color has-link-color wp-elements-f7bd9cbcfc3be40f883a2a0a6ef949ec\" style=\"color:#146853;padding-right:var(--wp--preset--spacing--small);padding-left:var(--wp--preset--spacing--small);font-size:24px\"><strong><strong><strong><strong><strong><strong>Adapter: <\/strong><\/strong><\/strong><\/strong><\/strong><\/strong><\/h2>\n\n<p class=\"has-text-align-left\">Am Automaten an der Rezeption k\u00f6nnen Sie bei Bedarf Adapter zum Preis von 15 CHF kaufen. <\/p>\n\n<h2 class=\"wp-block-heading has-text-align-left has-text-color has-link-color wp-elements-af91d2f4df1b05e27f88a6664e95d72c\" style=\"color:#146853;padding-right:var(--wp--preset--spacing--small);padding-left:var(--wp--preset--spacing--small);font-size:24px\"><strong><strong><strong><strong><strong><strong><strong>Telefon:<\/strong><\/strong><\/strong><\/strong><\/strong><\/strong><\/strong><\/h2>\n\n<p class=\"has-text-align-left\">Um die Rezeption zu kontaktieren, w\u00e4hlen Sie 2002.<br\/>Um ein anderes Zimmer zu kontaktieren, w\u00e4hlen Sie zuerst die 2 und anschlie\u00dfend die Zimmernummer.<br\/>F\u00fcr externe Anrufe w\u00e4hlen Sie 0, um eine Leitung zu erhalten, und anschlie\u00dfend die Nummer Ihres Gespr\u00e4chspartners.<\/p>\n\n<h2 class=\"wp-block-heading has-text-align-left has-text-color has-link-color wp-elements-025a76227e5bb09eb69497de7ece4635\" style=\"color:#146853;padding-right:var(--wp--preset--spacing--small);padding-left:var(--wp--preset--spacing--small);font-size:24px\"><strong><strong><strong><strong><strong><strong><strong><strong>Haartrockner: <\/strong><\/strong><\/strong><\/strong><\/strong><\/strong><\/strong><\/strong><\/h2>\n\n<p class=\"has-text-align-left\">Alle unsere Zimmer sind mit einem Haartrockner ausgestattet.<\/p>\n\n<h2 class=\"wp-block-heading has-text-align-left has-text-color has-link-color wp-elements-30c24cc1c04d47f7bd4fd165d3c71e2a\" style=\"color:#146853;padding-right:var(--wp--preset--spacing--small);padding-left:var(--wp--preset--spacing--small);font-size:24px\"><strong><strong><strong><strong><strong><strong><strong><strong><strong>Auf Anfrage an der Rezeption: <\/strong><\/strong><\/strong><\/strong><\/strong><\/strong><\/strong><\/strong><\/strong><\/h2>\n\n<p class=\"has-text-align-left\">Wir k\u00f6nnen Ihnen folgende Ausstattung zur Verf\u00fcgung stellen: <\/p>\n\n<p class=\"has-text-align-left\">B\u00fcgeleisen + B\u00fcgelbrett<br\/>Zahnb\u00fcrsten-Set<br\/>Rasierset<br\/>Bademantel und Hausschuhe.<\/p>\n\n<h2 class=\"wp-block-heading has-text-align-left has-text-color has-link-color wp-elements-42270f2e9c3f0cfde6d5582210117ade\" style=\"color:#146853;padding-right:var(--wp--preset--spacing--small);padding-left:var(--wp--preset--spacing--small);font-size:24px\"><strong><strong><strong><strong><strong><strong><strong><strong><strong>Externer W\u00e4scheservice:<\/strong><\/strong><\/strong><\/strong><\/strong><\/strong><\/strong><\/strong><\/strong><\/h2>\n\n<p class=\"has-text-align-left\">Ein externer W\u00e4scheservice steht Ihnen gegen Aufpreis von Montag bis Freitag zur Verf\u00fcgung.<br\/>F\u00fcllen Sie einfach das in Ihrem Zimmer bereitliegende Formular aus und geben Sie den W\u00e4schesack vor <strong>9:00 Uhr morgens<\/strong> an der Rezeption ab. Die Bezahlung erfolgt bei der R\u00fcckgabe Ihrer Kleidung an der Rezeption. <\/p>\n\n<h2 class=\"wp-block-heading has-text-align-left has-text-color has-link-color wp-elements-49c0dea9d62146d02b596ef8bf6823be\" style=\"color:#146853;padding-right:var(--wp--preset--spacing--small);padding-left:var(--wp--preset--spacing--small);font-size:24px\"><strong><strong><strong><strong><strong><strong><strong><strong><strong><strong>Schild \u201eBitte nicht st\u00f6ren\u201c <\/strong><\/strong><\/strong><\/strong><\/strong><\/strong><\/strong><\/strong><\/strong><\/strong><\/h2>\n\n<p class=\"has-text-align-left\">Wenn Sie nicht gest\u00f6rt werden m\u00f6chten, h\u00e4ngen Sie bitte das Schild <strong>\u201eBitte nicht st\u00f6ren\u201c<\/strong> an den T\u00fcrgriff Ihrer Zimmert\u00fcr, damit es f\u00fcr den Etagenservice gut sichtbar ist. Bitte beachten Sie, dass Sie aus Respekt vor Ihrem Wunsch in dieser Zeit nicht gest\u00f6rt werden.<br\/><strong>Das Zimmer wird nicht gereinigt, solange das Schild angebracht ist. <\/strong><\/p>\n\n<h2 class=\"wp-block-heading has-text-align-left has-text-color has-link-color wp-elements-9e2d52918495446f6811b8c797307dfe\" style=\"color:#146853;padding-right:var(--wp--preset--spacing--small);padding-left:var(--wp--preset--spacing--small);font-size:24px\"><strong><strong><strong><strong><strong><strong><strong><strong><strong><strong><strong>Technischer Service:<\/strong><\/strong><\/strong><\/strong><\/strong><\/strong><\/strong><\/strong><\/strong><\/strong><\/strong><\/h2>\n\n<p class=\"has-text-align-left\">Bei Unregelm\u00e4\u00dfigkeiten oder St\u00f6rungen in Ihrem Zimmer kontaktieren Sie bitte die Rezeption; wir werden unser M\u00f6glichstes tun, um das Problem zu beheben.<\/p>\n\n<h2 class=\"wp-block-heading has-text-align-left has-text-color has-link-color wp-elements-6b75638fce840e90d8f0d7bc7e2571f4\" style=\"color:#146853;padding-right:var(--wp--preset--spacing--small);padding-left:var(--wp--preset--spacing--small);font-size:24px\"><strong><strong><strong><strong><strong><strong><strong><strong><strong><strong><strong><strong>Safe:<\/strong><\/strong><\/strong><\/strong><\/strong><\/strong><\/strong><\/strong><\/strong><\/strong><\/strong><\/strong><\/h2>\n\n<p class=\"has-text-align-left\">In Ihrem Zimmer steht Ihnen ein pers\u00f6nlicher Safe mit Code zur Verf\u00fcgung. Die Bedienungsanleitung befindet sich im Safe.<br\/>Wir bitten Sie, Ihre Wertgegenst\u00e4nde im Safe aufzubewahren.<br\/>Das Hotel kann nicht f\u00fcr das Verschwinden von Gegenst\u00e4nden haftbar gemacht werden, die nicht im Safe gesichert wurden.<\/p>\n\n<h2 class=\"wp-block-heading has-text-align-left has-text-color has-link-color wp-elements-c48fa8f9c1beca1b6bf85caf79e3bdb3\" style=\"color:#146853;padding-right:var(--wp--preset--spacing--small);padding-left:var(--wp--preset--spacing--small);font-size:24px\"><strong><strong><strong><strong><strong><strong><strong><strong><strong><strong><strong><strong>Sicherheit:<\/strong><\/strong><\/strong><\/strong><\/strong><\/strong><\/strong><\/strong><\/strong><\/strong><\/strong><\/strong><\/h2>\n\n<p class=\"has-text-align-left\">Die Sicherheitsanweisungen und -einrichtungen entsprechen den internationalen Normen. Der Haupteingang des Hotels und die Rezeption werden durch Sicherheitskameras \u00fcberwacht. Das Hotel ist mit einem gesicherten Brandmeldeanlagensystem ausgestattet. Bitte bewahren Sie Ihre Wertgegenst\u00e4nde im im Zimmer bereitstehenden Safe auf.<\/p>\n\n<div style=\"height:24px\" aria-hidden=\"true\" class=\"wp-block-spacer\"><\/div>\n","protected":false},"excerpt":{"rendered":"<p>Um Ihnen w\u00e4hrend Ihres Aufenthalts in unserem Haus Zufriedenheit und Komfort zu bieten, finden Sie nachfolgend alle Ausstattungen der Zimmer. Um die Rezeption bei Fragen [&hellip;]<\/p>\n","protected":false},"author":1,"featured_media":0,"parent":0,"menu_order":0,"comment_status":"closed","ping_status":"closed","template":"modele-airport","meta":{"inline_featured_image":false,"footnotes":""},"class_list":["post-1716","page","type-page","status-publish","hentry"],"_links":{"self":[{"href":"https:\/\/nash.rskcom.net\/de\/wp-json\/wp\/v2\/pages\/1716","targetHints":{"allow":["GET"]}}],"collection":[{"href":"https:\/\/nash.rskcom.net\/de\/wp-json\/wp\/v2\/pages"}],"about":[{"href":"https:\/\/nash.rskcom.net\/de\/wp-json\/wp\/v2\/types\/page"}],"author":[{"embeddable":true,"href":"https:\/\/nash.rskcom.net\/de\/wp-json\/wp\/v2\/users\/1"}],"replies":[{"embeddable":true,"href":"https:\/\/nash.rskcom.net\/de\/wp-json\/wp\/v2\/comments?post=1716"}],"version-history":[{"count":1,"href":"https:\/\/nash.rskcom.net\/de\/wp-json\/wp\/v2\/pages\/1716\/revisions"}],"predecessor-version":[{"id":1717,"href":"https:\/\/nash.rskcom.net\/de\/wp-json\/wp\/v2\/pages\/1716\/revisions\/1717"}],"wp:attachment":[{"href":"https:\/\/nash.rskcom.net\/de\/wp-json\/wp\/v2\/media?parent=1716"}],"curies":[{"name":"wp","href":"https:\/\/api.w.org\/{rel}","templated":true}]}}