{"id":1718,"date":"2026-01-30T01:44:02","date_gmt":"2026-01-30T00:44:02","guid":{"rendered":"https:\/\/nash.rskcom.net\/nash-airport-hotelausstattung-und-services\/"},"modified":"2026-04-07T17:39:52","modified_gmt":"2026-04-07T15:39:52","slug":"nash-airport-hotelausstattung-und-services","status":"publish","type":"page","link":"https:\/\/nash.rskcom.net\/de\/nash-airport-hotelausstattung-und-services\/","title":{"rendered":"Nash Airport \u2013 Hotelausstattung und Services"},"content":{"rendered":"\n<h1 class=\"wp-block-heading has-text-align-center has-text-color has-link-color wp-elements-e15607d23c9e3cb1756d7f72c02fafe6\" id=\"h1page\" style=\"color:#146853;padding-right:var(--wp--preset--spacing--medium);padding-left:var(--wp--preset--spacing--medium);font-size:40px\">Rezeption<\/h1>\n\n<h2 class=\"wp-block-heading has-text-align-center has-text-color has-link-color wp-elements-f50573494806e55954674d0de2ebb811\" style=\"color:#146853;padding-right:var(--wp--preset--spacing--small);padding-left:var(--wp--preset--spacing--small);font-size:24px\"><strong>Unsere Rezeption ist t\u00e4glich rund um die Uhr f\u00fcr Sie ge\u00f6ffnet.<\/strong><\/h2>\n\n<p class=\"has-text-align-center ntexte has-text-color has-link-color wp-elements-3cfdc88cfdc91d8bd326071898aed707\" style=\"color:#535353;padding-right:var(--wp--preset--spacing--small);padding-left:var(--wp--preset--spacing--small);font-size:14px\">F\u00fcr weitere Informationen k\u00f6nnen Sie uns gerne \u00fcber den Chat oder das Telefon in Ihrem Zimmer kontaktieren.<strong> (Chat-Logo hinzuf\u00fcgen)<\/strong><\/p>\n\n<p class=\"has-text-align-center ntexte\">Der Check-in ist ab 12:00 Uhr m\u00f6glich.<\/p>\n\n<p class=\"has-text-align-center ntexte\">Der Check-out erfolgt bis 12:00 Uhr.<\/p>\n\n<p class=\"has-text-align-center\">F\u00fcr eine fr\u00fche Anreise oder eine sp\u00e4te Abreise k\u00f6nnen Sie eine Anfrage an die Rezeption stellen; dies unterliegt der Verf\u00fcgbarkeit und ist gegen einen Aufpreis m\u00f6glich.<\/p>\n\n<p class=\"has-text-align-center has-text-color has-link-color wp-elements-3b98a7cd9af242a31f2dbbe613cf88c3\" style=\"color:#535353;padding-right:var(--wp--preset--spacing--small);padding-left:var(--wp--preset--spacing--small);font-size:14px\"><strong>Wir m\u00f6chten unsere G\u00e4ste zudem darauf hinweisen, dass Haustiere in unserem Hotel nicht gestattet sind.<\/strong><\/p>\n\n<h2 class=\"wp-block-heading has-text-align-center has-text-color has-link-color wp-elements-fe9ac6c84a91d88440ec1dd6cdc12c6a\" style=\"color:#146853;padding-right:var(--wp--preset--spacing--small);padding-left:var(--wp--preset--spacing--small);font-size:24px\"><strong><strong>Akzeptierte Zahlungsmittel:<\/strong><\/strong><\/h2>\n\n<p class=\"has-text-align-center\">American Express, MasterCard, Visa, Maestro, CUP, Diners Club, Union Pay und JCB.<\/p>\n\n<p class=\"has-text-align-center\">Twint und PostFinance Card werden nicht akzeptiert. <\/p>\n\n<h2 class=\"wp-block-heading has-text-align-center has-text-color has-link-color wp-elements-599dd9803e4608d17cf3d3da2600cf23\" style=\"color:#146853;padding-right:var(--wp--preset--spacing--small);padding-left:var(--wp--preset--spacing--small);font-size:24px\"><strong><strong><strong>Geldwechsel:<\/strong><\/strong><\/strong><\/h2>\n\n<p class=\"has-text-align-center\">Wir bieten Ihnen an der Rezeption einen Geldwechsel-Service ausschlie\u00dflich f\u00fcr EUR und USD an, basierend auf dem an der Rezeption ausgeh\u00e4ngten Wechselkurs. <\/p>\n\n<h2 class=\"wp-block-heading has-text-align-center has-text-color has-link-color wp-elements-09f6f80549431855c3c73bc13bcca1fd\" style=\"color:#146853;padding-right:var(--wp--preset--spacing--small);padding-left:var(--wp--preset--spacing--small);font-size:24px\"><strong><strong><strong><strong>Weckruf-Service:<\/strong><\/strong><\/strong><\/strong><\/h2>\n\n<p class=\"has-text-align-center\"> Auf Wunsch bieten wir Ihnen einen Weckruf-Service per Telefon in Ihrem Zimmer an.<\/p>\n\n<h2 class=\"wp-block-heading has-text-align-center has-text-color has-link-color wp-elements-c8f3eabe8717536961035c2ae02dd95e\" style=\"color:#146853;padding-right:var(--wp--preset--spacing--small);padding-left:var(--wp--preset--spacing--small);font-size:24px\"><strong><strong><strong><strong><strong>Gep\u00e4ckaufbewahrung:<\/strong><\/strong><\/strong><\/strong><\/strong><\/h2>\n\n<p class=\"has-text-align-center\">Unsere Gep\u00e4ckaufbewahrung steht Ihnen ausschlie\u00dflich am Tag Ihrer Anreise bis zum Tag Ihrer Abreise kostenlos zur Verf\u00fcgung.<\/p>\n\n<p class=\"has-text-align-center\">F\u00fcr eine Gep\u00e4ckaufbewahrung au\u00dferhalb Ihres Aufenthalts in unserem Haus wenden Sie sich bitte an die Rezeption bez\u00fcglich der Kosten und Verf\u00fcgbarkeit dieses Services.<\/p>\n\n<h2 class=\"wp-block-heading has-text-align-center has-text-color has-link-color wp-elements-36cd083337b99c2a80d6ae89cc299796\" style=\"color:#146853;padding-right:var(--wp--preset--spacing--small);padding-left:var(--wp--preset--spacing--small);font-size:24px\"><strong><strong><strong><strong><strong><strong>Shuttle-Service:<\/strong><\/strong><\/strong><\/strong><\/strong><\/strong><\/h2>\n\n<p class=\"has-text-align-center\">Das Hotel bietet seinen G\u00e4sten einen kostenlosen Shuttle-Service zwischen dem Hotel und dem Flughafen sowie vom Flughafen zum Hotel an. Alle Informationen zu den Fahrpl\u00e4nen sowie die Echtzeit-Verfolgung unseres Shuttle-Services finden Sie unter dem Reiter \u201eShuttle und Parken\u201c.<\/p>\n\n<h2 class=\"wp-block-heading has-text-align-center has-text-color has-link-color wp-elements-95a564d7f391cc127d8844206a93818d\" style=\"color:#146853;padding-right:var(--wp--preset--spacing--small);padding-left:var(--wp--preset--spacing--small);font-size:24px\"><strong><strong><strong><strong><strong><strong><strong>Parkplatz:<\/strong><\/strong><\/strong><\/strong><\/strong><\/strong><\/strong><\/h2>\n\n<p class=\"has-text-align-center\">Das Hotel bietet seinen G\u00e4sten einen kostenpflichtigen Privatparkplatz an, der je nach Verf\u00fcgbarkeit ausschlie\u00dflich f\u00fcr die Dauer Ihres Aufenthalts genutzt werden kann. Die Preisliste f\u00fcr den Parkplatz finden Sie unter dem Reiter \u201eShuttle und Parken\u201c.<\/p>\n\n<h2 class=\"wp-block-heading has-text-align-center has-text-color has-link-color wp-elements-b027cefb4b59f34678d49977f3673dca\" style=\"color:#146853;padding-right:var(--wp--preset--spacing--small);padding-left:var(--wp--preset--spacing--small);font-size:24px\"><strong><strong><strong><strong><strong><strong><strong><strong>Verkaufsautomat \/ Adapter:<\/strong><\/strong><\/strong><\/strong><\/strong><\/strong><\/strong><\/strong><\/h2>\n\n<p class=\"has-text-align-center\">Adapter k\u00f6nnen Sie zum Preis von 5 CHF am Verkaufsautomaten in der N\u00e4he der Rezeption erwerben. <\/p>\n\n<p class=\"has-text-align-center\">Im Automaten finden Sie au\u00dferdem Getr\u00e4nke und Snacks.<\/p>\n\n<h2 class=\"wp-block-heading has-text-align-center has-text-color has-link-color wp-elements-f731a0bf4df252b41d2fd8115744182c\" style=\"color:#146853;padding-right:var(--wp--preset--spacing--small);padding-left:var(--wp--preset--spacing--small);font-size:24px\"><strong><strong><strong><strong><strong><strong><strong><strong> <strong>Geneva Tourism PASS erh\u00e4ltlich \u00fcber die NASHOTELS-App<\/strong><\/strong><\/strong><\/strong><\/strong><\/strong><\/strong><\/strong><\/strong><\/h2>\n\n<p class=\"has-text-align-center\">In Partnerschaft mit Geneva Tourism bieten wir P\u00e4sse an, mit denen Sie die Stadt Genf w\u00e4hrend Ihres Aufenthalts entdecken k\u00f6nnen.<\/p>\n\n<p class=\"has-text-align-center\"><strong>F\u00fcr weitere Informationen oder zum Kauf besuchen Sie bitte den Reiter \u201eAktivit\u00e4ten in Genf\u201c.<\/strong><\/p>\n\n<div style=\"height:24px\" aria-hidden=\"true\" class=\"wp-block-spacer\"><\/div>\n","protected":false},"excerpt":{"rendered":"<p>Rezeption Unsere Rezeption ist t\u00e4glich rund um die Uhr f\u00fcr Sie ge\u00f6ffnet. F\u00fcr weitere Informationen k\u00f6nnen Sie uns gerne \u00fcber den Chat oder das Telefon [&hellip;]<\/p>\n","protected":false},"author":1,"featured_media":0,"parent":0,"menu_order":0,"comment_status":"closed","ping_status":"closed","template":"modele-airport","meta":{"inline_featured_image":false,"footnotes":""},"class_list":["post-1718","page","type-page","status-publish","hentry"],"_links":{"self":[{"href":"https:\/\/nash.rskcom.net\/de\/wp-json\/wp\/v2\/pages\/1718","targetHints":{"allow":["GET"]}}],"collection":[{"href":"https:\/\/nash.rskcom.net\/de\/wp-json\/wp\/v2\/pages"}],"about":[{"href":"https:\/\/nash.rskcom.net\/de\/wp-json\/wp\/v2\/types\/page"}],"author":[{"embeddable":true,"href":"https:\/\/nash.rskcom.net\/de\/wp-json\/wp\/v2\/users\/1"}],"replies":[{"embeddable":true,"href":"https:\/\/nash.rskcom.net\/de\/wp-json\/wp\/v2\/comments?post=1718"}],"version-history":[{"count":1,"href":"https:\/\/nash.rskcom.net\/de\/wp-json\/wp\/v2\/pages\/1718\/revisions"}],"predecessor-version":[{"id":1719,"href":"https:\/\/nash.rskcom.net\/de\/wp-json\/wp\/v2\/pages\/1718\/revisions\/1719"}],"wp:attachment":[{"href":"https:\/\/nash.rskcom.net\/de\/wp-json\/wp\/v2\/media?parent=1718"}],"curies":[{"name":"wp","href":"https:\/\/api.w.org\/{rel}","templated":true}]}}