{"id":1677,"date":"2026-02-02T19:56:14","date_gmt":"2026-02-02T18:56:14","guid":{"rendered":"https:\/\/nash.rskcom.net\/nash-suites-chalet-menu\/"},"modified":"2026-04-07T17:09:13","modified_gmt":"2026-04-07T15:09:13","slug":"nash-suites-chalet-menu","status":"publish","type":"page","link":"https:\/\/nash.rskcom.net\/en\/nash-suites-chalet-menu\/","title":{"rendered":"Nash Suites &#8211; Chalet Menu"},"content":{"rendered":"\n<div data-wp-context=\"{ &quot;autoclose&quot;: true, &quot;accordionItems&quot;: [] }\" data-wp-interactive=\"core\/accordion\" role=\"group\" class=\"wp-block-accordion is-layout-flow wp-block-accordion-is-layout-flow\">\n<div data-wp-class--is-open=\"state.isOpen\" data-wp-context=\"{ &quot;id&quot;: &quot;accordion-item-1&quot;, &quot;openByDefault&quot;: false }\" data-wp-init=\"callbacks.initAccordionItems\" data-wp-on-window--hashchange=\"callbacks.hashChange\" class=\"wp-block-accordion-item is-layout-flow wp-block-accordion-item-is-layout-flow\">\n<h3 class=\"wp-block-accordion-heading has-base-color has-text-color has-background has-link-color wp-elements-087b66460bddccdcaa4f1edd1b8a8146\" style=\"background-color:#8f7b50\"><button aria-expanded=\"false\" aria-controls=\"accordion-item-1-panel\" data-wp-bind--aria-expanded=\"state.isOpen\" data-wp-on--click=\"actions.toggle\" data-wp-on--keydown=\"actions.handleKeyDown\" id=\"accordion-item-1\" type=\"button\" class=\"wp-block-accordion-heading__toggle\" style=\"padding-right:var(--wp--preset--spacing--xx-small);padding-left:var(--wp--preset--spacing--xx-small)\"><span class=\"wp-block-accordion-heading__toggle-title\">HOT CHOCOLATES<\/span><span class=\"wp-block-accordion-heading__toggle-icon\" aria-hidden=\"true\">+<\/span><\/button><\/h3>\n\n\n\n<div inert aria-labelledby=\"accordion-item-1\" data-wp-bind--inert=\"!state.isOpen\" id=\"accordion-item-1-panel\" role=\"region\" class=\"wp-block-accordion-panel is-layout-flow wp-block-accordion-panel-is-layout-flow\">\n<div class=\"wp-block-group has-global-padding is-layout-constrained wp-block-group-is-layout-constrained\">\n<div class=\"wp-block-group is-content-justification-space-between is-nowrap is-layout-flex wp-container-core-group-is-layout-cb46ffcb wp-block-group-is-layout-flex\">\n<h4 class=\"wp-block-heading\"><strong>Classic Hot Chocolate<\/strong><\/h4>\n\n\n\n<p class=\"has-text-align-right\"><strong>5.00 CHF<\/strong><\/p>\n<\/div>\n\n\n\n<div class=\"wp-block-group is-content-justification-space-between is-nowrap is-layout-flex wp-container-core-group-is-layout-cb46ffcb wp-block-group-is-layout-flex\">\n<h4 class=\"wp-block-heading\"><strong>Gourmet Hot Chocolate (Whipped Cream + Chocolate Sauce)<\/strong><\/h4>\n\n\n\n<p class=\"has-text-align-right\"><strong>6.50 CHF<\/strong><\/p>\n<\/div>\n\n\n\n<div class=\"wp-block-group is-content-justification-space-between is-nowrap is-layout-flex wp-container-core-group-is-layout-cb46ffcb wp-block-group-is-layout-flex\">\n<h4 class=\"wp-block-heading\"><strong>Signature Hot Chocolate (Whipped Cream + Chocolate Sauce + Marshmallow)<\/strong><\/h4>\n\n\n\n<p class=\"has-text-align-right\"><strong>7.50 CHF<\/strong><\/p>\n<\/div>\n<\/div>\n<\/div>\n<\/div>\n\n\n\n<div data-wp-class--is-open=\"state.isOpen\" data-wp-context=\"{ &quot;id&quot;: &quot;accordion-item-2&quot;, &quot;openByDefault&quot;: false }\" data-wp-init=\"callbacks.initAccordionItems\" data-wp-on-window--hashchange=\"callbacks.hashChange\" class=\"wp-block-accordion-item is-layout-flow wp-block-accordion-item-is-layout-flow\">\n<h3 class=\"wp-block-accordion-heading has-base-color has-text-color has-background has-link-color wp-elements-f3c5f2cac7db82dcc4a927a5d759702e\" style=\"background-color:#8f7b50\"><button aria-expanded=\"false\" aria-controls=\"accordion-item-2-panel\" data-wp-bind--aria-expanded=\"state.isOpen\" data-wp-on--click=\"actions.toggle\" data-wp-on--keydown=\"actions.handleKeyDown\" id=\"accordion-item-2\" type=\"button\" class=\"wp-block-accordion-heading__toggle\" style=\"padding-right:var(--wp--preset--spacing--xx-small);padding-left:var(--wp--preset--spacing--xx-small)\"><span class=\"wp-block-accordion-heading__toggle-title\">NON-ALCOHOLIC BEVERAGES<\/span><span class=\"wp-block-accordion-heading__toggle-icon\" aria-hidden=\"true\">+<\/span><\/button><\/h3>\n\n\n\n<div inert aria-labelledby=\"accordion-item-2\" data-wp-bind--inert=\"!state.isOpen\" id=\"accordion-item-2-panel\" role=\"region\" class=\"wp-block-accordion-panel is-layout-flow wp-block-accordion-panel-is-layout-flow\">\n<div class=\"wp-block-group has-global-padding is-layout-constrained wp-block-group-is-layout-constrained\">\n<div class=\"wp-block-group is-layout-grid wp-container-core-group-is-layout-988b637e wp-block-group-is-layout-grid\">\n<h4 class=\"wp-block-heading wp-container-content-6df3295e\"><strong>Coca-Cola, Coca-Cola Zero, Sprite, Fanta<\/strong><\/h4>\n\n\n\n<p class=\"has-text-align-right wp-container-content-2155ee95\"><strong>33 cl<\/strong><\/p>\n\n\n\n<p class=\"has-text-align-right wp-container-content-2155ee95\"><strong>4.80 CHF<\/strong><\/p>\n<\/div>\n\n\n\n<div class=\"wp-block-group is-layout-grid wp-container-core-group-is-layout-0e82c502 wp-block-group-is-layout-grid\">\n<h4 class=\"wp-block-heading\"><strong>Ramseier Sparkling Apple<\/strong><\/h4>\n\n\n\n<p class=\"has-text-align-right\"><strong>33 cl<\/strong><\/p>\n\n\n\n<p class=\"has-text-align-right\"><strong>4.80 CHF<\/strong><\/p>\n<\/div>\n\n\n\n<div class=\"wp-block-group is-layout-grid wp-container-core-group-is-layout-988b637e wp-block-group-is-layout-grid\">\n<h4 class=\"wp-block-heading\"><strong>Red Bull<\/strong><\/h4>\n\n\n\n<p class=\"has-text-align-right\"><strong>25 cl<\/strong><\/p>\n\n\n\n<p class=\"has-text-align-right\"><strong>7.00 CHF<\/strong><\/p>\n<\/div>\n\n\n\n<div class=\"wp-block-group is-layout-grid wp-container-core-group-is-layout-988b637e wp-block-group-is-layout-grid\">\n<h4 class=\"wp-block-heading\"><strong>Michel Fruit Nectar Juices (Orange, Bodyguard,<br\/>Pineapple, Peach)<\/strong><\/h4>\n\n\n\n<p class=\"has-text-align-right\"><strong>20 cl<\/strong><\/p>\n\n\n\n<p class=\"has-text-align-right\"><strong>4.80 CHF<\/strong><\/p>\n<\/div>\n\n\n\n<div class=\"wp-block-group is-layout-grid wp-container-core-group-is-layout-988b637e wp-block-group-is-layout-grid\">\n<h4 class=\"wp-block-heading\"><strong>Nestea (Peach, Lemon)<\/strong><\/h4>\n\n\n\n<p class=\"has-text-align-right\"><\/p>\n\n\n\n<p class=\"has-text-align-right\"><strong>4.80 CHF<\/strong><\/p>\n<\/div>\n<\/div>\n<\/div>\n<\/div>\n\n\n\n<div data-wp-class--is-open=\"state.isOpen\" data-wp-context=\"{ &quot;id&quot;: &quot;accordion-item-3&quot;, &quot;openByDefault&quot;: false }\" data-wp-init=\"callbacks.initAccordionItems\" data-wp-on-window--hashchange=\"callbacks.hashChange\" class=\"wp-block-accordion-item is-layout-flow wp-block-accordion-item-is-layout-flow\">\n<h3 class=\"wp-block-accordion-heading has-base-color has-text-color has-background has-link-color wp-elements-a5a8e28a862c660aac50a78fa1063462\" style=\"background-color:#8f7b50\"><button aria-expanded=\"false\" aria-controls=\"accordion-item-3-panel\" data-wp-bind--aria-expanded=\"state.isOpen\" data-wp-on--click=\"actions.toggle\" data-wp-on--keydown=\"actions.handleKeyDown\" id=\"accordion-item-3\" type=\"button\" class=\"wp-block-accordion-heading__toggle\" style=\"padding-right:var(--wp--preset--spacing--xx-small);padding-left:var(--wp--preset--spacing--xx-small)\"><span class=\"wp-block-accordion-heading__toggle-title\">MINERAL WATERS<\/span><span class=\"wp-block-accordion-heading__toggle-icon\" aria-hidden=\"true\">+<\/span><\/button><\/h3>\n\n\n\n<div inert aria-labelledby=\"accordion-item-3\" data-wp-bind--inert=\"!state.isOpen\" id=\"accordion-item-3-panel\" role=\"region\" class=\"wp-block-accordion-panel is-layout-flow wp-block-accordion-panel-is-layout-flow\">\n<div class=\"wp-block-group has-global-padding is-layout-constrained wp-block-group-is-layout-constrained\">\n<div class=\"wp-block-group is-layout-grid wp-container-core-group-is-layout-acc8bb78 wp-block-group-is-layout-grid\">\n<h4 class=\"wp-block-heading\"><\/h4>\n\n\n\n<p class=\"has-text-align-right\"><strong>33 cl<\/strong><\/p>\n\n\n\n<p class=\"has-text-align-right wp-container-content-e269605d\"><strong>50 cl<\/strong><\/p>\n\n\n\n<p class=\"has-text-align-right\"><strong>1 l<\/strong><\/p>\n<\/div>\n\n\n\n<div class=\"wp-block-group is-layout-grid wp-container-core-group-is-layout-acc8bb78 wp-block-group-is-layout-grid\">\n<h4 class=\"wp-block-heading\"><strong>Henniez Still<\/strong><\/h4>\n\n\n\n<p class=\"has-text-align-right\"><strong><strong>4.80 CHF<\/strong><\/strong><\/p>\n\n\n\n<p class=\"has-text-align-right\"><strong><strong>5.80 CHF<\/strong><\/strong><\/p>\n\n\n\n<p class=\"has-text-align-right\"><strong>9.20 CHF<\/strong><\/p>\n<\/div>\n\n\n\n<div class=\"wp-block-group is-layout-grid wp-container-core-group-is-layout-acc8bb78 wp-block-group-is-layout-grid\">\n<h4 class=\"wp-block-heading\"><strong>Henniez Sparkling<\/strong><\/h4>\n\n\n\n<p class=\"has-text-align-right\"><strong><strong>4.80 CHF<\/strong><\/strong><\/p>\n\n\n\n<p class=\"has-text-align-right\"><strong><strong>5.80 CHF<\/strong><\/strong><\/p>\n\n\n\n<p class=\"has-text-align-right\"><strong>9.20 CHF<\/strong><\/p>\n<\/div>\n<\/div>\n<\/div>\n<\/div>\n\n\n\n<div data-wp-class--is-open=\"state.isOpen\" data-wp-context=\"{ &quot;id&quot;: &quot;accordion-item-4&quot;, &quot;openByDefault&quot;: false }\" data-wp-init=\"callbacks.initAccordionItems\" data-wp-on-window--hashchange=\"callbacks.hashChange\" class=\"wp-block-accordion-item is-layout-flow wp-block-accordion-item-is-layout-flow\">\n<h3 class=\"wp-block-accordion-heading has-base-color has-text-color has-background has-link-color wp-elements-11f37fb64c9a99f7a382a8ef6b5fdba9\" style=\"background-color:#8f7b50\"><button aria-expanded=\"false\" aria-controls=\"accordion-item-4-panel\" data-wp-bind--aria-expanded=\"state.isOpen\" data-wp-on--click=\"actions.toggle\" data-wp-on--keydown=\"actions.handleKeyDown\" id=\"accordion-item-4\" type=\"button\" class=\"wp-block-accordion-heading__toggle\" style=\"padding-right:var(--wp--preset--spacing--xx-small);padding-left:var(--wp--preset--spacing--xx-small)\"><span class=\"wp-block-accordion-heading__toggle-title\">WHITE WINES<\/span><span class=\"wp-block-accordion-heading__toggle-icon\" aria-hidden=\"true\">+<\/span><\/button><\/h3>\n\n\n\n<div inert aria-labelledby=\"accordion-item-4\" data-wp-bind--inert=\"!state.isOpen\" id=\"accordion-item-4-panel\" role=\"region\" class=\"wp-block-accordion-panel is-layout-flow wp-block-accordion-panel-is-layout-flow\">\n<div class=\"wp-block-group has-global-padding is-layout-constrained wp-block-group-is-layout-constrained\">\n<div class=\"wp-block-group is-layout-grid wp-container-core-group-is-layout-988b637e wp-block-group-is-layout-grid\">\n<h4 class=\"wp-block-heading\"><\/h4>\n\n\n\n<p class=\"has-text-align-right\"><strong>10 cl<\/strong><\/p>\n\n\n\n<p class=\"has-text-align-right wp-container-content-2155ee95\"><strong>75 cl \/ 1 l<\/strong><\/p>\n<\/div>\n\n\n\n<div class=\"wp-block-group is-layout-grid wp-container-core-group-is-layout-988b637e wp-block-group-is-layout-grid\">\n<h4 class=\"wp-block-heading\"><strong>Chasselas<\/strong><\/h4>\n\n\n\n<p class=\"has-text-align-right\"><strong><strong>9.60 CHF<\/strong><\/strong><\/p>\n\n\n\n<p class=\"has-text-align-right\"><strong><strong>38.30 CHF<\/strong><\/strong><\/p>\n<\/div>\n\n\n\n<div class=\"wp-block-group is-layout-grid wp-container-core-group-is-layout-988b637e wp-block-group-is-layout-grid\">\n<h4 class=\"wp-block-heading\"><strong>Chardonnay<\/strong><\/h4>\n\n\n\n<p class=\"has-text-align-right\"><strong><strong>9.60 CHF<\/strong><\/strong><\/p>\n\n\n\n<p class=\"has-text-align-right\"><strong><strong>53.80 CHF<\/strong><\/strong><\/p>\n<\/div>\n\n\n\n<div class=\"wp-block-group is-layout-grid wp-container-core-group-is-layout-988b637e wp-block-group-is-layout-grid\">\n<h4 class=\"wp-block-heading\"><strong>Pinot Blanc<\/strong><\/h4>\n\n\n\n<p class=\"has-text-align-right\"><strong><strong>9.60 CHF<\/strong><\/strong><\/p>\n\n\n\n<p class=\"has-text-align-right\"><strong><strong>53.80 CHF<\/strong><\/strong><\/p>\n<\/div>\n\n\n\n<div class=\"wp-block-group is-layout-grid wp-container-core-group-is-layout-988b637e wp-block-group-is-layout-grid\">\n<h4 class=\"wp-block-heading\"><strong>Pinot Gris<\/strong><\/h4>\n\n\n\n<p class=\"has-text-align-right\"><strong><strong>9.60 CHF<\/strong><\/strong><\/p>\n\n\n\n<p class=\"has-text-align-right\"><strong><strong>53.80 CHF<\/strong><\/strong><\/p>\n<\/div>\n\n\n\n<div class=\"wp-block-group is-layout-grid wp-container-core-group-is-layout-988b637e wp-block-group-is-layout-grid\">\n<h4 class=\"wp-block-heading\"><strong>Gew\u00fcrztraminer<\/strong><\/h4>\n\n\n\n<p class=\"has-text-align-right\"><strong><strong>10.80 CHF<\/strong><\/strong><\/p>\n\n\n\n<p class=\"has-text-align-right\"><strong><strong>60.50 CHF<\/strong><\/strong><\/p>\n<\/div>\n\n\n\n<div class=\"wp-block-group is-layout-grid wp-container-core-group-is-layout-988b637e wp-block-group-is-layout-grid\">\n<h4 class=\"wp-block-heading\"><strong>Viognier<\/strong><\/h4>\n\n\n\n<p class=\"has-text-align-right\"><strong><strong>12.80 CHF<\/strong><\/strong><\/p>\n\n\n\n<p class=\"has-text-align-right\"><strong><strong>71.70 CHF<\/strong><\/strong><\/p>\n<\/div>\n<\/div>\n<\/div>\n<\/div>\n\n\n\n<div data-wp-class--is-open=\"state.isOpen\" data-wp-context=\"{ &quot;id&quot;: &quot;accordion-item-5&quot;, &quot;openByDefault&quot;: false }\" data-wp-init=\"callbacks.initAccordionItems\" data-wp-on-window--hashchange=\"callbacks.hashChange\" class=\"wp-block-accordion-item is-layout-flow wp-block-accordion-item-is-layout-flow\">\n<h3 class=\"wp-block-accordion-heading has-base-color has-text-color has-background has-link-color wp-elements-184f8183593cd73cd2c1a50c1ec4f7a7\" style=\"background-color:#8f7b50\"><button aria-expanded=\"false\" aria-controls=\"accordion-item-5-panel\" data-wp-bind--aria-expanded=\"state.isOpen\" data-wp-on--click=\"actions.toggle\" data-wp-on--keydown=\"actions.handleKeyDown\" id=\"accordion-item-5\" type=\"button\" class=\"wp-block-accordion-heading__toggle\" style=\"padding-right:var(--wp--preset--spacing--xx-small);padding-left:var(--wp--preset--spacing--xx-small)\"><span class=\"wp-block-accordion-heading__toggle-title\">SWISS FONDUE<\/span><span class=\"wp-block-accordion-heading__toggle-icon\" aria-hidden=\"true\">+<\/span><\/button><\/h3>\n\n\n\n<div inert aria-labelledby=\"accordion-item-5\" data-wp-bind--inert=\"!state.isOpen\" id=\"accordion-item-5-panel\" role=\"region\" class=\"wp-block-accordion-panel is-layout-flow wp-block-accordion-panel-is-layout-flow\">\n<div class=\"wp-block-group has-global-padding is-layout-constrained wp-block-group-is-layout-constrained\">\n<h4 class=\"wp-block-heading has-text-align-center\"><strong>Minimum 2 people, served with bread.<\/strong><\/h4>\n\n\n\n<div class=\"wp-block-group is-content-justification-space-between is-nowrap is-layout-flex wp-container-core-group-is-layout-cb46ffcb wp-block-group-is-layout-flex\">\n<h4 class=\"wp-block-heading\"><strong>Moiti\u00e9-Moiti\u00e9 Fondue<\/strong><\/h4>\n\n\n\n<p class=\"has-text-align-right\"><strong>25.90 CHF\/P<\/strong><\/p>\n<\/div>\n\n\n\n<div class=\"wp-block-group is-content-justification-space-between is-nowrap is-layout-flex wp-container-core-group-is-layout-cb46ffcb wp-block-group-is-layout-flex\">\n<h4 class=\"wp-block-heading\"><strong>Moiti\u00e9-Moiti\u00e9 Fondue with Morels<\/strong><\/h4>\n\n\n\n<p class=\"has-text-align-right\"><strong>35.90 CHF\/P<\/strong><\/p>\n<\/div>\n\n\n\n<div class=\"wp-block-group is-content-justification-space-between is-nowrap is-layout-flex wp-container-core-group-is-layout-cb46ffcb wp-block-group-is-layout-flex\">\n<h4 class=\"wp-block-heading\"><strong>Moiti\u00e9-Moiti\u00e9 Fondue with Black Pepper<\/strong><\/h4>\n\n\n\n<p class=\"has-text-align-right\"><strong>29.90 CHF\/P<\/strong><\/p>\n<\/div>\n\n\n\n<div class=\"wp-block-group is-content-justification-space-between is-nowrap is-layout-flex wp-container-core-group-is-layout-cb46ffcb wp-block-group-is-layout-flex\">\n<h4 class=\"wp-block-heading\"><strong>Side of Grenaille Potatoes<\/strong><\/h4>\n\n\n\n<p class=\"has-text-align-right\"><strong>5.00 CHF<\/strong><\/p>\n<\/div>\n\n\n\n<div class=\"wp-block-group is-content-justification-space-between is-nowrap is-layout-flex wp-container-core-group-is-layout-cb46ffcb wp-block-group-is-layout-flex\">\n<h4 class=\"wp-block-heading\"><strong>Side of Egg (Religieuse)<\/strong><\/h4>\n\n\n\n<p class=\"has-text-align-right\"><strong>5.00 CHF<\/strong><\/p>\n<\/div>\n<\/div>\n<\/div>\n<\/div>\n\n\n\n<div data-wp-class--is-open=\"state.isOpen\" data-wp-context=\"{ &quot;id&quot;: &quot;accordion-item-6&quot;, &quot;openByDefault&quot;: false }\" data-wp-init=\"callbacks.initAccordionItems\" data-wp-on-window--hashchange=\"callbacks.hashChange\" class=\"wp-block-accordion-item is-layout-flow wp-block-accordion-item-is-layout-flow\">\n<h3 class=\"wp-block-accordion-heading has-base-color has-text-color has-background has-link-color wp-elements-08f477f1d94519be4e8ee72a594db12a\" style=\"background-color:#8f7b50\"><button aria-expanded=\"false\" aria-controls=\"accordion-item-6-panel\" data-wp-bind--aria-expanded=\"state.isOpen\" data-wp-on--click=\"actions.toggle\" data-wp-on--keydown=\"actions.handleKeyDown\" id=\"accordion-item-6\" type=\"button\" class=\"wp-block-accordion-heading__toggle\" style=\"padding-right:var(--wp--preset--spacing--xx-small);padding-left:var(--wp--preset--spacing--xx-small)\"><span class=\"wp-block-accordion-heading__toggle-title\">RACLETTE (*CELY*)<\/span><span class=\"wp-block-accordion-heading__toggle-icon\" aria-hidden=\"true\">+<\/span><\/button><\/h3>\n\n\n\n<div inert aria-labelledby=\"accordion-item-6\" data-wp-bind--inert=\"!state.isOpen\" id=\"accordion-item-6-panel\" role=\"region\" class=\"wp-block-accordion-panel is-layout-flow wp-block-accordion-panel-is-layout-flow\">\n<div class=\"wp-block-group has-global-padding is-layout-constrained wp-block-group-is-layout-constrained\">\n<h4 class=\"wp-block-heading has-text-align-center\"><strong>Served with Grenaille Potatoes.<\/strong><\/h4>\n\n\n\n<div class=\"wp-block-group is-content-justification-space-between is-nowrap is-layout-flex wp-container-core-group-is-layout-cb46ffcb wp-block-group-is-layout-flex\">\n<h4 class=\"wp-block-heading\"><strong>3 Services<\/strong><\/h4>\n\n\n\n<p class=\"has-text-align-right\"><strong>24.90 CHF<\/strong><\/p>\n<\/div>\n\n\n\n<div class=\"wp-block-group is-content-justification-space-between is-nowrap is-layout-flex wp-container-core-group-is-layout-cb46ffcb wp-block-group-is-layout-flex\">\n<h4 class=\"wp-block-heading\"><strong>5 Services<\/strong><\/h4>\n\n\n\n<p class=\"has-text-align-right\"><strong>35.90 CHF<\/strong><\/p>\n<\/div>\n<\/div>\n<\/div>\n<\/div>\n\n\n\n<div data-wp-class--is-open=\"state.isOpen\" data-wp-context=\"{ &quot;id&quot;: &quot;accordion-item-7&quot;, &quot;openByDefault&quot;: false }\" data-wp-init=\"callbacks.initAccordionItems\" data-wp-on-window--hashchange=\"callbacks.hashChange\" class=\"wp-block-accordion-item is-layout-flow wp-block-accordion-item-is-layout-flow\">\n<h3 class=\"wp-block-accordion-heading has-base-color has-text-color has-background has-link-color wp-elements-64cd1cff262675e16795a4dc77d2891e\" style=\"background-color:#8f7b50\"><button aria-expanded=\"false\" aria-controls=\"accordion-item-7-panel\" data-wp-bind--aria-expanded=\"state.isOpen\" data-wp-on--click=\"actions.toggle\" data-wp-on--keydown=\"actions.handleKeyDown\" id=\"accordion-item-7\" type=\"button\" class=\"wp-block-accordion-heading__toggle\" style=\"padding-right:var(--wp--preset--spacing--xx-small);padding-left:var(--wp--preset--spacing--xx-small)\"><span class=\"wp-block-accordion-heading__toggle-title\">SWISS SPECIALTIES<\/span><span class=\"wp-block-accordion-heading__toggle-icon\" aria-hidden=\"true\">+<\/span><\/button><\/h3>\n\n\n\n<div inert aria-labelledby=\"accordion-item-7\" data-wp-bind--inert=\"!state.isOpen\" id=\"accordion-item-7-panel\" role=\"region\" class=\"wp-block-accordion-panel is-layout-flow wp-block-accordion-panel-is-layout-flow\">\n<div class=\"wp-block-group has-global-padding is-layout-constrained wp-block-group-is-layout-constrained\">\n<div class=\"wp-block-group is-content-justification-space-between is-nowrap is-layout-flex wp-container-core-group-is-layout-cb46ffcb wp-block-group-is-layout-flex\">\n<h4 class=\"wp-block-heading\"><strong>Beef Rump Steak, Raclette, Potatoes and Green Salad<\/strong><\/h4>\n\n\n\n<p class=\"has-text-align-right\"><strong>38.00 CHF<\/strong><\/p>\n<\/div>\n<\/div>\n<\/div>\n<\/div>\n\n\n\n<div data-wp-class--is-open=\"state.isOpen\" data-wp-context=\"{ &quot;id&quot;: &quot;accordion-item-8&quot;, &quot;openByDefault&quot;: false }\" data-wp-init=\"callbacks.initAccordionItems\" data-wp-on-window--hashchange=\"callbacks.hashChange\" class=\"wp-block-accordion-item is-layout-flow wp-block-accordion-item-is-layout-flow\">\n<h3 class=\"wp-block-accordion-heading has-base-color has-text-color has-background has-link-color wp-elements-4bfcbf021d0080c465f6800ada7cb551\" style=\"background-color:#8f7b50\"><button aria-expanded=\"false\" aria-controls=\"accordion-item-8-panel\" data-wp-bind--aria-expanded=\"state.isOpen\" data-wp-on--click=\"actions.toggle\" data-wp-on--keydown=\"actions.handleKeyDown\" id=\"accordion-item-8\" type=\"button\" class=\"wp-block-accordion-heading__toggle\" style=\"padding-right:var(--wp--preset--spacing--xx-small);padding-left:var(--wp--preset--spacing--xx-small)\"><span class=\"wp-block-accordion-heading__toggle-title\">SIDE DISHES<\/span><span class=\"wp-block-accordion-heading__toggle-icon\" aria-hidden=\"true\">+<\/span><\/button><\/h3>\n\n\n\n<div inert aria-labelledby=\"accordion-item-8\" data-wp-bind--inert=\"!state.isOpen\" id=\"accordion-item-8-panel\" role=\"region\" class=\"wp-block-accordion-panel is-layout-flow wp-block-accordion-panel-is-layout-flow\">\n<div class=\"wp-block-group has-global-padding is-layout-constrained wp-block-group-is-layout-constrained\">\n<div class=\"wp-block-group is-content-justification-space-between is-nowrap is-layout-flex wp-container-core-group-is-layout-cb46ffcb wp-block-group-is-layout-flex\">\n<h4 class=\"wp-block-heading\"><strong>Mixed Salad<\/strong><\/h4>\n\n\n\n<p class=\"has-text-align-right\"><strong>10.50 CHF<\/strong><\/p>\n<\/div>\n\n\n\n<div class=\"wp-block-group is-content-justification-space-between is-nowrap is-layout-flex wp-container-core-group-is-layout-cb46ffcb wp-block-group-is-layout-flex\">\n<h4 class=\"wp-block-heading\"><strong>Green Salad<\/strong><\/h4>\n\n\n\n<p class=\"has-text-align-right\"><strong>6.90 CHF<\/strong><\/p>\n<\/div>\n\n\n\n<div class=\"wp-block-group is-content-justification-space-between is-nowrap is-layout-flex wp-container-core-group-is-layout-cb46ffcb wp-block-group-is-layout-flex\">\n<h4 class=\"wp-block-heading\"><strong>Charcuterie Platter (Salami, Cured Ham, Cooked Ham)<\/strong><\/h4>\n\n\n\n<p class=\"has-text-align-right\"><strong>22.00 CHF<\/strong><\/p>\n<\/div>\n\n\n\n<h4 class=\"wp-block-heading has-text-align-center\"><strong>Our meat origins: Swiss Pork, Swiss Beef.<\/strong><\/h4>\n<\/div>\n<\/div>\n<\/div>\n\n\n\n<div data-wp-class--is-open=\"state.isOpen\" data-wp-context=\"{ &quot;id&quot;: &quot;accordion-item-9&quot;, &quot;openByDefault&quot;: false }\" data-wp-init=\"callbacks.initAccordionItems\" data-wp-on-window--hashchange=\"callbacks.hashChange\" class=\"wp-block-accordion-item is-layout-flow wp-block-accordion-item-is-layout-flow\">\n<h3 class=\"wp-block-accordion-heading has-base-color has-text-color has-background has-link-color wp-elements-3dd8fb59aa85965dd6dfefb87f5cfe0b\" style=\"background-color:#8f7b50\"><button aria-expanded=\"false\" aria-controls=\"accordion-item-9-panel\" data-wp-bind--aria-expanded=\"state.isOpen\" data-wp-on--click=\"actions.toggle\" data-wp-on--keydown=\"actions.handleKeyDown\" id=\"accordion-item-9\" type=\"button\" class=\"wp-block-accordion-heading__toggle\" style=\"padding-right:var(--wp--preset--spacing--xx-small);padding-left:var(--wp--preset--spacing--xx-small)\"><span class=\"wp-block-accordion-heading__toggle-title\">DESSERTS<\/span><span class=\"wp-block-accordion-heading__toggle-icon\" aria-hidden=\"true\">+<\/span><\/button><\/h3>\n\n\n\n<div inert aria-labelledby=\"accordion-item-9\" data-wp-bind--inert=\"!state.isOpen\" id=\"accordion-item-9-panel\" role=\"region\" class=\"wp-block-accordion-panel is-layout-flow wp-block-accordion-panel-is-layout-flow\">\n<div class=\"wp-block-group has-global-padding is-layout-constrained wp-block-group-is-layout-constrained\">\n<div class=\"wp-block-group is-content-justification-space-between is-nowrap is-layout-flex wp-container-core-group-is-layout-cb46ffcb wp-block-group-is-layout-flex\">\n<h4 class=\"wp-block-heading\"><strong>Cr\u00e8me br\u00fbl\u00e9e<\/strong><\/h4>\n\n\n\n<p class=\"has-text-align-right\"><strong>13.75 CHF<\/strong><\/p>\n<\/div>\n\n\n\n<div class=\"wp-block-group is-content-justification-space-between is-nowrap is-layout-flex wp-container-core-group-is-layout-cb46ffcb wp-block-group-is-layout-flex\">\n<h4 class=\"wp-block-heading\"><strong>Williamine Ice Cream Coupe Pear sorbet, 4cl Williamine<br\/>(40% Vol)<\/strong><\/h4>\n\n\n\n<p class=\"has-text-align-right\"><strong>17.35 CHF<\/strong><\/p>\n<\/div>\n\n\n\n<div class=\"wp-block-group is-content-justification-space-between is-nowrap is-layout-flex wp-container-core-group-is-layout-cb46ffcb wp-block-group-is-layout-flex\">\n<h4 class=\"wp-block-heading\"><strong>Abricotine Ice Cream Coupe Apricot sorbet, 4cl Abricotine<br\/>(40% Vol)<\/strong><\/h4>\n\n\n\n<p class=\"has-text-align-right\"><strong>18.35 CHF<\/strong><\/p>\n<\/div>\n\n\n\n<div class=\"wp-block-group is-content-justification-space-between is-nowrap is-layout-flex wp-container-core-group-is-layout-cb46ffcb wp-block-group-is-layout-flex\">\n<h4 class=\"wp-block-heading\"><strong>Colonel Ice Cream Coupe Lemon sorbet, 4cl Vodka<br\/>(40% Vol)<\/strong><\/h4>\n\n\n\n<p class=\"has-text-align-right\"><strong>12.25 CHF<\/strong><\/p>\n<\/div>\n<\/div>\n<\/div>\n<\/div>\n<\/div>\n","protected":false},"excerpt":{"rendered":"","protected":false},"author":1,"featured_media":0,"parent":0,"menu_order":0,"comment_status":"closed","ping_status":"closed","template":"modele-suites","meta":{"inline_featured_image":false,"footnotes":""},"class_list":["post-1677","page","type-page","status-publish","hentry"],"_links":{"self":[{"href":"https:\/\/nash.rskcom.net\/en\/wp-json\/wp\/v2\/pages\/1677","targetHints":{"allow":["GET"]}}],"collection":[{"href":"https:\/\/nash.rskcom.net\/en\/wp-json\/wp\/v2\/pages"}],"about":[{"href":"https:\/\/nash.rskcom.net\/en\/wp-json\/wp\/v2\/types\/page"}],"author":[{"embeddable":true,"href":"https:\/\/nash.rskcom.net\/en\/wp-json\/wp\/v2\/users\/1"}],"replies":[{"embeddable":true,"href":"https:\/\/nash.rskcom.net\/en\/wp-json\/wp\/v2\/comments?post=1677"}],"version-history":[{"count":1,"href":"https:\/\/nash.rskcom.net\/en\/wp-json\/wp\/v2\/pages\/1677\/revisions"}],"predecessor-version":[{"id":1678,"href":"https:\/\/nash.rskcom.net\/en\/wp-json\/wp\/v2\/pages\/1677\/revisions\/1678"}],"wp:attachment":[{"href":"https:\/\/nash.rskcom.net\/en\/wp-json\/wp\/v2\/media?parent=1677"}],"curies":[{"name":"wp","href":"https:\/\/api.w.org\/{rel}","templated":true}]}}